{"id":22,"date":"2026-04-22T14:35:29","date_gmt":"2026-04-22T14:35:29","guid":{"rendered":"https:\/\/dscafe.com.tr\/?page_id=22"},"modified":"2026-04-22T15:29:25","modified_gmt":"2026-04-22T15:29:25","slug":"bir-giris-sayfasi-bolumu","status":"publish","type":"page","link":"https:\/\/dscafe.com.tr\/?page_id=22","title":{"rendered":"Bir giri\u015f sayfas\u0131 b\u00f6l\u00fcm\u00fc"},"content":{"rendered":"","protected":false},"excerpt":{"rendered":"","protected":false},"author":1,"featured_media":45,"parent":0,"menu_order":0,"comment_status":"closed","ping_status":"closed","template":"","meta":{"footnotes":""},"class_list":["post-22","page","type-page","status-publish","has-post-thumbnail","hentry"],"_links":{"self":[{"href":"https:\/\/dscafe.com.tr\/index.php?rest_route=\/wp\/v2\/pages\/22","targetHints":{"allow":["GET"]}}],"collection":[{"href":"https:\/\/dscafe.com.tr\/index.php?rest_route=\/wp\/v2\/pages"}],"about":[{"href":"https:\/\/dscafe.com.tr\/index.php?rest_route=\/wp\/v2\/types\/page"}],"author":[{"embeddable":true,"href":"https:\/\/dscafe.com.tr\/index.php?rest_route=\/wp\/v2\/users\/1"}],"replies":[{"embeddable":true,"href":"https:\/\/dscafe.com.tr\/index.php?rest_route=%2Fwp%2Fv2%2Fcomments&post=22"}],"version-history":[{"count":3,"href":"https:\/\/dscafe.com.tr\/index.php?rest_route=\/wp\/v2\/pages\/22\/revisions"}],"predecessor-version":[{"id":49,"href":"https:\/\/dscafe.com.tr\/index.php?rest_route=\/wp\/v2\/pages\/22\/revisions\/49"}],"wp:featuredmedia":[{"embeddable":true,"href":"https:\/\/dscafe.com.tr\/index.php?rest_route=\/wp\/v2\/media\/45"}],"wp:attachment":[{"href":"https:\/\/dscafe.com.tr\/index.php?rest_route=%2Fwp%2Fv2%2Fmedia&parent=22"}],"curies":[{"name":"wp","href":"https:\/\/api.w.org\/{rel}","templated":true}]}}